{"id":257,"date":"2023-09-27T10:58:55","date_gmt":"2023-09-27T08:58:55","guid":{"rendered":"https:\/\/lifevacshop.eu\/?post_type=product&#038;p=257"},"modified":"2026-02-05T11:01:49","modified_gmt":"2026-02-05T09:01:49","slug":"navod-na-pouzitie-nastenneho-boxu-proti-utopeniu-lifevac","status":"publish","type":"product","link":"https:\/\/lifevacshop.eu\/sk\/izby\/navod-na-pouzitie-nastenneho-boxu-proti-utopeniu-lifevac\/","title":{"rendered":"N\u00e1stenn\u00fd n\u00e1vod na pou\u017eitie pr\u00edstroja LifeVac na ochranu pred udusen\u00edm"},"content":{"rendered":"<h2>Pomocou n\u00e1stennej tabule ka\u017ed\u00ed m\u00f4\u017ee pou\u017e\u00edva\u0165 LifeVac v n\u00fadzov\u00fdch situ\u00e1ci\u00e1ch, a to aj bez predch\u00e1dzaj\u00faceho \u0161kolenia alebo praxe.<\/h2>\n<p>Odpor\u00fa\u010da sa pou\u017e\u00edva\u0165 na verejnosti, v re\u0161taur\u00e1ci\u00e1ch, \u0161kol\u00e1ch, matersk\u00fdch \u0161kol\u00e1ch, nemocniciach, domovoch d\u00f4chodcov, kancel\u00e1ri\u00e1ch, hoteloch a na in\u00fdch \u013eahko dostupn\u00fdch miestach ako doplnok k z\u00e1chrann\u00e9mu zariadeniu LifeVac. N\u00e1stenn\u00e1 tabu\u013ea form\u00e1tu A3 je jasn\u00fdm n\u00e1vodom na pou\u017eitie z kroku na krok a \u0161tandardn\u00fdm Heimlichov\u00fdm man\u00e9vrom.\n(Balenie neobsahuje pr\u00edstroj LifeVac a masky, tie je potrebn\u00e9 zak\u00fapi\u0165 zvl\u00e1\u0161\u0165.)<\/p>","protected":false},"excerpt":{"rendered":"<p>N\u00e1stenn\u00e1 tabu\u013ea umo\u017e\u0148uje ka\u017ed\u00e9mu pou\u017e\u00edva\u0165 LifeVac v n\u00fadzov\u00fdch situ\u00e1ci\u00e1ch, a to aj bez predch\u00e1dzaj\u00faceho \u0161kolenia alebo praxe. Odpor\u00fa\u010da sa pou\u017e\u00edva\u0165 na verejn\u00fdch miestach, v re\u0161taur\u00e1ci\u00e1ch, \u0161kol\u00e1ch, \u0161k\u00f4lkach, nemocniciach, domovoch d\u00f4chodcov, kancel\u00e1ri\u00e1ch, hoteloch a na in\u00fdch \u013eahko dostupn\u00fdch miestach spolu so z\u00e1chrann\u00fdm zariaden\u00edm LifeVac. N\u00e1stenn\u00e1 tabu\u013ea form\u00e1tu A3 s jasn\u00fdm n\u00e1vodom na pou\u017eitie krok za krokom a \u0161tandardn\u00fdm Heimlichov\u00fdm man\u00e9vrom (LifeVac ... <a title=\"N\u00e1stenn\u00fd n\u00e1vod na pou\u017eitie pr\u00edstroja LifeVac na ochranu pred udusen\u00edm\" class=\"read-more\" href=\"https:\/\/lifevacshop.eu\/sk\/izby\/navod-na-pouzitie-nastenneho-boxu-proti-utopeniu-lifevac\/\" aria-label=\"Pre\u010d\u00edtajte si viac o N\u00e1vod na mont\u00e1\u017e na stenu pre zariadenie LifeVac na prevenciu zadusenia\">\u010c\u00edta\u0165 viac<\/a><\/p>","protected":false},"featured_media":258,"comment_status":"closed","ping_status":"closed","template":"","meta":[],"product_brand":[],"product_cat":[32],"product_tag":[],"class_list":{"0":"post-257","1":"product","2":"type-product","3":"status-publish","4":"has-post-thumbnail","6":"product_cat-lifevac-termekek","7":"sales-flash-overlay","8":"woocommerce-text-align-center","9":"woocommerce-image-align-center","10":"do-quantity-buttons","12":"first","13":"instock","14":"sale","15":"taxable","16":"shipping-taxable","17":"purchasable","18":"product-type-simple"},"_links":{"self":[{"href":"https:\/\/lifevacshop.eu\/sk\/wp-json\/wp\/v2\/product\/257","targetHints":{"allow":["GET"]}}],"collection":[{"href":"https:\/\/lifevacshop.eu\/sk\/wp-json\/wp\/v2\/product"}],"about":[{"href":"https:\/\/lifevacshop.eu\/sk\/wp-json\/wp\/v2\/types\/product"}],"replies":[{"embeddable":true,"href":"https:\/\/lifevacshop.eu\/sk\/wp-json\/wp\/v2\/comments?post=257"}],"wp:featuredmedia":[{"embeddable":true,"href":"https:\/\/lifevacshop.eu\/sk\/wp-json\/wp\/v2\/media\/258"}],"wp:attachment":[{"href":"https:\/\/lifevacshop.eu\/sk\/wp-json\/wp\/v2\/media?parent=257"}],"wp:term":[{"taxonomy":"product_brand","embeddable":true,"href":"https:\/\/lifevacshop.eu\/sk\/wp-json\/wp\/v2\/product_brand?post=257"},{"taxonomy":"product_cat","embeddable":true,"href":"https:\/\/lifevacshop.eu\/sk\/wp-json\/wp\/v2\/product_cat?post=257"},{"taxonomy":"product_tag","embeddable":true,"href":"https:\/\/lifevacshop.eu\/sk\/wp-json\/wp\/v2\/product_tag?post=257"}],"curies":[{"name":"wp","href":"https:\/\/api.w.org\/{rel}","templated":true}]}}