{"id":248,"date":"2023-09-27T10:43:19","date_gmt":"2023-09-27T08:43:19","guid":{"rendered":"https:\/\/lifevacshop.eu\/?post_type=product&#038;p=248"},"modified":"2023-12-29T13:09:05","modified_gmt":"2023-12-29T11:09:05","slug":"vymenitelna-maska-s-velkym-priemerom-pre-kable-zachranneho-systemu","status":"publish","type":"product","link":"https:\/\/lifevacshop.eu\/sk\/izby\/vymenitelna-maska-s-velkym-priemerom-pre-kable-zachranneho-systemu\/","title":{"rendered":"Stredn\u00e1 vymenite\u013en\u00e1 maska pre pr\u00edstroj LifeVac"},"content":{"rendered":"<h2>Tento v\u00fdrobok je n\u00e1hradn\u00e1 stredn\u00e1 pre jednotku LifeVac.<\/h2>\n<p>Odpor\u00fa\u010da sa najm\u00e4 pre star\u0161ie deti, dospel\u00fdch a seniorov.<br \/>\nMasky pravidelne kontrolujte. Odpor\u00fa\u010dame ich vymie\u0148a\u0165 ka\u017ed\u00e9 2-3 roky.<\/p>\n<p>V pr\u00edpade \u00faspe\u0161n\u00e9ho n\u00fadzov\u00e9ho pou\u017eitia v\u00e1m bude maska bezplatne vymenen\u00e1, ak n\u00e1m to ozn\u00e1mite prostredn\u00edctvom formul\u00e1ra \u017eiadosti o pou\u017eitie.<\/p>\n<p>LifeVac je manu\u00e1lne ods\u00e1vacie zariadenie ur\u010den\u00e9 na vy\u010distenie horn\u00fdch d\u00fdchac\u00edch ciest, pou\u017e\u00edva sa v\u00a0pri kritick\u00fdch stavoch, v\u00a0pr\u00edpade ak  \u0161tandardn\u00e9  postupy zlyhaj\u00fa.<\/p>","protected":false},"excerpt":{"rendered":"<p>Tento v\u00fdrobok je n\u00e1hradn\u00e1 maska strednej ve\u013ekosti pre jednotku LifeVac. Odpor\u00fa\u010da sa hlavne pre star\u0161ie deti, dospel\u00fdch a star\u0161\u00edch \u013eud\u00ed. Masky pravidelne kontrolujte a odpor\u00fa\u010dame ich vymie\u0148a\u0165 ka\u017ed\u00e9 2 - 3 roky. V pr\u00edpade \u00faspe\u0161n\u00e9ho n\u00fadzov\u00e9ho pou\u017eitia v\u00e1m masku bezplatne vymen\u00edme, ak n\u00e1m to nahl\u00e1site pomocou formul\u00e1ra na nahl\u00e1senie pou\u017eitia. LifeVac je manu\u00e1lne ods\u00e1vacie zariadenie, ktor\u00e9 sa pou\u017e\u00edva na ods\u00e1vanie horn\u00fdch d\u00fdchac\u00edch ciest ... <a title=\"Stredn\u00e1 vymenite\u013en\u00e1 maska pre pr\u00edstroj LifeVac\" class=\"read-more\" href=\"https:\/\/lifevacshop.eu\/sk\/izby\/vymenitelna-maska-s-velkym-priemerom-pre-kable-zachranneho-systemu\/\" aria-label=\"Pre\u010d\u00edtajte si viac o Stredne ve\u013ek\u00e1 vymenite\u013en\u00e1 maska pre LifeVac\">\u010c\u00edta\u0165 viac<\/a><\/p>","protected":false},"featured_media":249,"comment_status":"closed","ping_status":"closed","template":"","meta":[],"product_brand":[],"product_cat":[34],"product_tag":[],"class_list":{"0":"post-248","1":"product","2":"type-product","3":"status-publish","4":"has-post-thumbnail","6":"product_cat-lifevac-maszkok","7":"sales-flash-overlay","8":"woocommerce-text-align-center","9":"woocommerce-image-align-center","10":"do-quantity-buttons","11":"wc-has-gallery","13":"first","14":"instock","15":"taxable","16":"shipping-taxable","17":"purchasable","18":"product-type-simple"},"_links":{"self":[{"href":"https:\/\/lifevacshop.eu\/sk\/wp-json\/wp\/v2\/product\/248","targetHints":{"allow":["GET"]}}],"collection":[{"href":"https:\/\/lifevacshop.eu\/sk\/wp-json\/wp\/v2\/product"}],"about":[{"href":"https:\/\/lifevacshop.eu\/sk\/wp-json\/wp\/v2\/types\/product"}],"replies":[{"embeddable":true,"href":"https:\/\/lifevacshop.eu\/sk\/wp-json\/wp\/v2\/comments?post=248"}],"wp:featuredmedia":[{"embeddable":true,"href":"https:\/\/lifevacshop.eu\/sk\/wp-json\/wp\/v2\/media\/249"}],"wp:attachment":[{"href":"https:\/\/lifevacshop.eu\/sk\/wp-json\/wp\/v2\/media?parent=248"}],"wp:term":[{"taxonomy":"product_brand","embeddable":true,"href":"https:\/\/lifevacshop.eu\/sk\/wp-json\/wp\/v2\/product_brand?post=248"},{"taxonomy":"product_cat","embeddable":true,"href":"https:\/\/lifevacshop.eu\/sk\/wp-json\/wp\/v2\/product_cat?post=248"},{"taxonomy":"product_tag","embeddable":true,"href":"https:\/\/lifevacshop.eu\/sk\/wp-json\/wp\/v2\/product_tag?post=248"}],"curies":[{"name":"wp","href":"https:\/\/api.w.org\/{rel}","templated":true}]}}