{"id":1607,"date":"2024-12-17T12:31:11","date_gmt":"2024-12-17T10:31:11","guid":{"rendered":"https:\/\/lifevacshop.eu\/?post_type=product&#038;p=1607"},"modified":"2024-12-17T16:22:48","modified_gmt":"2024-12-17T14:22:48","slug":"cestovna-suprava-lifevac","status":"publish","type":"product","link":"https:\/\/lifevacshop.eu\/sk\/izby\/cestovna-suprava-lifevac\/","title":{"rendered":"LifeVac Cestovn\u00e1 sada"},"content":{"rendered":"<h2>LifeVac cestovn\u00e1 sada je ide\u00e1lnym rie\u0161en\u00edm pre v\u0161etk\u00fdch, ktor\u00ed chc\u00fa zaisti\u0165 bezpe\u010dnos\u0165 a pokoj aj po\u010das dlh\u00fdch ciest.<\/h2>\n<p>T\u00fato kompaktn\u00fa, \u013eahko prenosn\u00fa sadu sme zostavili tak, aby bola v\u017edy pripraven\u00e1 poskytn\u00fa\u0165 okam\u017eit\u00fa pomoc v pr\u00edpade n\u00fadzov\u00e9ho dusenia \u2013 \u010di u\u017e v aute, alebo v inom cestovnom prostred\u00ed.<\/p>\n<p>Sada obsahuje zariadenie LifeVac na odstr\u00e1nenie cudz\u00edch predmetov z d\u00fdchac\u00edch ciest, ktor\u00e9 zabezpe\u010duje efekt\u00edvny a r\u00fdchly z\u00e1sah, ako aj pr\u00edslu\u0161n\u00e9 masky vhodn\u00e9 pre r\u00f4zne vekov\u00e9 skupiny. Ergonomicky navrhnut\u00e1 cestovn\u00e1 ta\u0161ka do auta nie je len odoln\u00e1 a praktick\u00e1, ale je navrhnut\u00e1 tak, aby ste mali okam\u017eit\u00fd pr\u00edstup k zariadeniu a jeho pr\u00edslu\u0161enstvu. Ni\u010d tak nebude prek\u00e1\u017ea\u0165 a m\u00f4\u017eete by\u0165 pokojn\u00ed, \u017ee v pr\u00edpade n\u00fadze budete ma\u0165 najd\u00f4le\u017eitej\u0161ie n\u00e1stroje okam\u017eite k dispoz\u00edcii.<\/p>\n<p><strong>Obsah bal\u00edka:<\/strong><\/p>\n<ul>\n<li>1 zariadenie LifeVac na odstra\u0148ovanie nervovoparalytick\u00fdch l\u00e1tok z d\u00fdchac\u00edch ciest<\/li>\n<li>4 masky r\u00f4znych ve\u013ekost\u00ed (pre dospel\u00fdch a deti)<\/li>\n<li>1 ks cestovnej ta\u0161ky do auta s praktick\u00fdm zipsov\u00fdm uz\u00e1verom a vn\u00fatorn\u00fdm usporiadan\u00edm pre \u013eahk\u00fd pr\u00edstup k zariadeniu a mask\u00e1m<\/li>\n<\/ul>\n<p>T\u00e1to komplexn\u00e1 sada, navrhnut\u00e1 na cesty, poskytuje v\u0161etko, \u010do potrebujete na r\u00fdchle a efekt\u00edvne zvl\u00e1dnutie neo\u010dak\u00e1vanej n\u00fadzovej situ\u00e1cie, nech ste kdeko\u013evek.<\/p>","protected":false},"excerpt":{"rendered":"<p>Cestovn\u00e1 s\u00faprava LifeVac je ide\u00e1lnym rie\u0161en\u00edm pre ka\u017ed\u00e9ho, kto chce zaisti\u0165 bezpe\u010dnos\u0165 a pokoj na dlh\u00fdch cest\u00e1ch. T\u00e1to kompaktn\u00e1, \u013eahko prenosn\u00e1 s\u00faprava je navrhnut\u00e1 tak, aby bola pripraven\u00e1 poskytn\u00fa\u0165 okam\u017eit\u00fa pomoc v pr\u00edpade nebezpe\u010denstva utopenia - \u010di u\u017e v aute, alebo v in\u00fdch cestovn\u00fdch prostrediach. S\u00faprava obsahuje \u00fa\u010dinn\u00fa ... <a title=\"LifeVac Cestovn\u00e1 sada\" class=\"read-more\" href=\"https:\/\/lifevacshop.eu\/sk\/izby\/cestovna-suprava-lifevac\/\" aria-label=\"Pre\u010d\u00edtajte si viac o cestovnej s\u00faprave LifeVac\">\u010c\u00edta\u0165 viac<\/a><\/p>","protected":false},"featured_media":1608,"comment_status":"closed","ping_status":"closed","template":"","meta":[],"product_brand":[],"product_cat":[32],"product_tag":[],"class_list":{"0":"post-1607","1":"product","2":"type-product","3":"status-publish","4":"has-post-thumbnail","6":"product_cat-lifevac-termekek","7":"sales-flash-overlay","8":"woocommerce-text-align-center","9":"woocommerce-image-align-center","10":"do-quantity-buttons","11":"wc-has-gallery","13":"first","14":"instock","15":"taxable","16":"shipping-taxable","17":"purchasable","18":"product-type-simple"},"_links":{"self":[{"href":"https:\/\/lifevacshop.eu\/sk\/wp-json\/wp\/v2\/product\/1607","targetHints":{"allow":["GET"]}}],"collection":[{"href":"https:\/\/lifevacshop.eu\/sk\/wp-json\/wp\/v2\/product"}],"about":[{"href":"https:\/\/lifevacshop.eu\/sk\/wp-json\/wp\/v2\/types\/product"}],"replies":[{"embeddable":true,"href":"https:\/\/lifevacshop.eu\/sk\/wp-json\/wp\/v2\/comments?post=1607"}],"wp:featuredmedia":[{"embeddable":true,"href":"https:\/\/lifevacshop.eu\/sk\/wp-json\/wp\/v2\/media\/1608"}],"wp:attachment":[{"href":"https:\/\/lifevacshop.eu\/sk\/wp-json\/wp\/v2\/media?parent=1607"}],"wp:term":[{"taxonomy":"product_brand","embeddable":true,"href":"https:\/\/lifevacshop.eu\/sk\/wp-json\/wp\/v2\/product_brand?post=1607"},{"taxonomy":"product_cat","embeddable":true,"href":"https:\/\/lifevacshop.eu\/sk\/wp-json\/wp\/v2\/product_cat?post=1607"},{"taxonomy":"product_tag","embeddable":true,"href":"https:\/\/lifevacshop.eu\/sk\/wp-json\/wp\/v2\/product_tag?post=1607"}],"curies":[{"name":"wp","href":"https:\/\/api.w.org\/{rel}","templated":true}]}}