{"id":1601,"date":"2024-12-17T11:46:44","date_gmt":"2024-12-17T09:46:44","guid":{"rendered":"https:\/\/lifevacshop.eu\/?post_type=product&#038;p=1601"},"modified":"2025-01-03T10:28:09","modified_gmt":"2025-01-03T08:28:09","slug":"nastenne-zariadenie-lifevac-tarolo","status":"publish","type":"product","link":"https:\/\/lifevacshop.eu\/sk\/izby\/nastenne-zariadenie-lifevac-tarolo\/","title":{"rendered":"N\u00e1stenn\u00fd \u00falo\u017en\u00fd priestor LifeVac (zariadenie LifeVac a maska nie s\u00fa s\u00fa\u010das\u0165ou dod\u00e1vky)"},"content":{"rendered":"<h2>N\u00e1stenn\u00fd \u00falo\u017en\u00fd priestor LifeVac je dokonal\u00fdm pr\u00edslu\u0161enstvom, ak chcete ma\u0165 svoje d\u00fdchacie pr\u00edstroje LifeVac a ich masky \u013eahko vidite\u013en\u00e9 a \u013eahko dostupn\u00e9.<\/h2>\n<p>Ide\u00e1lne pre \u0161koly, zdravotn\u00edcke zariadenia, pracovisk\u00e1 a v\u0161etky spolo\u010densk\u00e9 priestory, kde je v pr\u00edpade utopenia k\u013e\u00fa\u010dov\u00e1 r\u00fdchla a \u00fa\u010dinn\u00e1 reakcia.<\/p>\n<p>T\u00e1to robustn\u00e1 n\u00e1stenn\u00e1 \u00falo\u017en\u00e1 jednotka pom\u00e1ha udr\u017eiava\u0165 zariadenie LifeVac (nie je s\u00fa\u010das\u0165ou dod\u00e1vky) nielen upratan\u00e9, ale aj v bezpe\u010d\u00ed. Konzolov\u00e1 kon\u0161trukcia umo\u017e\u0148uje \u013eahk\u00fd pr\u00edstup k zariadeniu a mask\u00e1m, tak\u017ee v pr\u00edpade n\u00fadze nestr\u00e1cate drahocenn\u00e9 sekundy. Skrinka obsahuje v\u0161etky potrebn\u00e9 upev\u0148ovacie prvky, tak\u017ee ju mo\u017eno \u013eahko nain\u0161talova\u0165 bez potreby odborn\u00edka.<\/p>\n<p><strong>Pozor:<\/strong> Tento v\u00fdrobok neobsahuje zariadenie LifeVac a masku!<\/p>\n<p><strong>Obsah bal\u00edka:<\/strong><\/p>\n<ul>\n<li>1 n\u00e1stenn\u00e1 \u00falo\u017en\u00e1 jednotka<\/li>\n<li>Z\u00e1str\u010dky a skrutky na in\u0161tal\u00e1ciu<\/li>\n<\/ul>","protected":false},"excerpt":{"rendered":"<p>N\u00e1stenn\u00fd \u00falo\u017en\u00fd priestor LifeVac je dokonal\u00fdm pr\u00edslu\u0161enstvom, ak chcete ma\u0165 svoje d\u00fdchacie pr\u00edstroje LifeVac a ich masky \u013eahko vidite\u013en\u00e9 a \u013eahko dostupn\u00e9. Je to ide\u00e1lna vo\u013eba pre \u0161koly, zdravotn\u00edcke zariadenia, pracovisk\u00e1 a v\u0161etky spolo\u010densk\u00e9 priestory, kde je r\u00fdchla a \u00fa\u010dinn\u00e1 reakcia v pr\u00edpade nebezpe\u010denstva dusenia k\u013e\u00fa\u010dov\u00e1. Tento odoln\u00fd, ... <a title=\"N\u00e1stenn\u00fd \u00falo\u017en\u00fd priestor LifeVac (zariadenie LifeVac a maska nie s\u00fa s\u00fa\u010das\u0165ou dod\u00e1vky)\" class=\"read-more\" href=\"https:\/\/lifevacshop.eu\/sk\/izby\/nastenne-zariadenie-lifevac-tarolo\/\" aria-label=\"Pre\u010d\u00edtajte si viac o LifeVac wall storage (LifeVac device and mask not included)\">\u010c\u00edta\u0165 viac<\/a><\/p>","protected":false},"featured_media":1602,"comment_status":"closed","ping_status":"closed","template":"","meta":[],"product_brand":[],"product_cat":[32],"product_tag":[],"class_list":{"0":"post-1601","1":"product","2":"type-product","3":"status-publish","4":"has-post-thumbnail","6":"product_cat-lifevac-termekek","7":"sales-flash-overlay","8":"woocommerce-text-align-center","9":"woocommerce-image-align-center","10":"do-quantity-buttons","11":"wc-has-gallery","13":"first","14":"outofstock","15":"taxable","16":"shipping-taxable","17":"purchasable","18":"product-type-simple"},"_links":{"self":[{"href":"https:\/\/lifevacshop.eu\/sk\/wp-json\/wp\/v2\/product\/1601","targetHints":{"allow":["GET"]}}],"collection":[{"href":"https:\/\/lifevacshop.eu\/sk\/wp-json\/wp\/v2\/product"}],"about":[{"href":"https:\/\/lifevacshop.eu\/sk\/wp-json\/wp\/v2\/types\/product"}],"replies":[{"embeddable":true,"href":"https:\/\/lifevacshop.eu\/sk\/wp-json\/wp\/v2\/comments?post=1601"}],"wp:featuredmedia":[{"embeddable":true,"href":"https:\/\/lifevacshop.eu\/sk\/wp-json\/wp\/v2\/media\/1602"}],"wp:attachment":[{"href":"https:\/\/lifevacshop.eu\/sk\/wp-json\/wp\/v2\/media?parent=1601"}],"wp:term":[{"taxonomy":"product_brand","embeddable":true,"href":"https:\/\/lifevacshop.eu\/sk\/wp-json\/wp\/v2\/product_brand?post=1601"},{"taxonomy":"product_cat","embeddable":true,"href":"https:\/\/lifevacshop.eu\/sk\/wp-json\/wp\/v2\/product_cat?post=1601"},{"taxonomy":"product_tag","embeddable":true,"href":"https:\/\/lifevacshop.eu\/sk\/wp-json\/wp\/v2\/product_tag?post=1601"}],"curies":[{"name":"wp","href":"https:\/\/api.w.org\/{rel}","templated":true}]}}