{"id":259,"date":"2023-09-27T11:15:47","date_gmt":"2023-09-27T09:15:47","guid":{"rendered":"https:\/\/lifevacshop.eu\/?post_type=product&#038;p=259"},"modified":"2024-12-17T11:58:40","modified_gmt":"2024-12-17T09:58:40","slug":"lifevac-wandmontiertes-tarolo-und-reisetasche","status":"publish","type":"product","link":"https:\/\/lifevacshop.eu\/at\/zimmer\/lifevac-wandmontiertes-tarolo-und-reisetasche\/","title":{"rendered":"Wandmontierte LifeVac-Aufbewahrungs- und Reisetasche (LifeVac-Ger\u00e4t und Maske nicht im Lieferumfang enthalten)"},"content":{"rendered":"<h2>Das LifeVac-Ger\u00e4t und die dazugeh\u00f6rigen Masken kann in dieser tragbaren Tasche bequem aufbewahrt werden. Es kann im Auto untergebracht und sogar problemlos an der Wand befestigt werden.<\/h2>\n<p>Die Tasche besteht aus 600D Cordura-Material mit einer wasserdichten Polyurethan-Innenbeschichtung. Sie ist eine langlebige und strapazierf\u00e4hige Tasche, die zur Wandmontage und f\u00fcr die Aufbewahrung im Auto geeignet ist. Sie ist vorne mit reflektierendem Streifen versehen.<\/p>\n<p>Die Vorderseite der Tasche ist transparent, so dass der Inhalt leicht erkennbar ist. Oben ist ein Griff angebracht, um die leichte Tragbarkeit zu gew\u00e4hrleisten.<\/p>\n<p><em><strong>Die Tasche enth\u00e4lt keine LifeVac-Ger\u00e4te und Masken. Diese m\u00fcssen separat erworben werden.<\/strong><\/em><\/p>","protected":false},"excerpt":{"rendered":"<p>Dieser tragbare Koffer ist eine einfache M\u00f6glichkeit, Ihren LifeVac und die dazugeh\u00f6rigen Masken aufzubewahren. Sie kann im Auto aufbewahrt und leicht an der Wand befestigt werden. Hergestellt aus 600D Cordura-Gewebe mit wasserdichter Polyurethan-Innenbeschichtung. Langlebige und robuste Tasche, die an der Wand befestigt und im Auto aufbewahrt werden kann. Sie hat einen reflektierenden Streifen auf der Vorderseite. Die Vorderseite der Tasche ist transparent, so dass es leicht zu ... <a title=\"Wandmontierte LifeVac-Aufbewahrungs- und Reisetasche (LifeVac-Ger\u00e4t und Maske nicht im Lieferumfang enthalten)\" class=\"read-more\" href=\"https:\/\/lifevacshop.eu\/at\/zimmer\/lifevac-wandmontiertes-tarolo-und-reisetasche\/\" aria-label=\"Lesen Sie mehr \u00fcber die LifeVac-Wandhalterung und den Reisekoffer (LifeVac-Ger\u00e4t und Maske nicht enthalten)\">Mehr lesen<\/a><\/p>","protected":false},"featured_media":263,"comment_status":"closed","ping_status":"closed","template":"","meta":[],"product_brand":[],"product_cat":[32],"product_tag":[],"class_list":{"0":"post-259","1":"product","2":"type-product","3":"status-publish","4":"has-post-thumbnail","6":"product_cat-lifevac-termekek","7":"sales-flash-overlay","8":"woocommerce-text-align-center","9":"woocommerce-image-align-center","10":"do-quantity-buttons","11":"wc-has-gallery","13":"first","14":"outofstock","15":"sale","16":"taxable","17":"shipping-taxable","18":"purchasable","19":"product-type-simple"},"_links":{"self":[{"href":"https:\/\/lifevacshop.eu\/at\/wp-json\/wp\/v2\/product\/259","targetHints":{"allow":["GET"]}}],"collection":[{"href":"https:\/\/lifevacshop.eu\/at\/wp-json\/wp\/v2\/product"}],"about":[{"href":"https:\/\/lifevacshop.eu\/at\/wp-json\/wp\/v2\/types\/product"}],"replies":[{"embeddable":true,"href":"https:\/\/lifevacshop.eu\/at\/wp-json\/wp\/v2\/comments?post=259"}],"wp:featuredmedia":[{"embeddable":true,"href":"https:\/\/lifevacshop.eu\/at\/wp-json\/wp\/v2\/media\/263"}],"wp:attachment":[{"href":"https:\/\/lifevacshop.eu\/at\/wp-json\/wp\/v2\/media?parent=259"}],"wp:term":[{"taxonomy":"product_brand","embeddable":true,"href":"https:\/\/lifevacshop.eu\/at\/wp-json\/wp\/v2\/product_brand?post=259"},{"taxonomy":"product_cat","embeddable":true,"href":"https:\/\/lifevacshop.eu\/at\/wp-json\/wp\/v2\/product_cat?post=259"},{"taxonomy":"product_tag","embeddable":true,"href":"https:\/\/lifevacshop.eu\/at\/wp-json\/wp\/v2\/product_tag?post=259"}],"curies":[{"name":"wp","href":"https:\/\/api.w.org\/{rel}","templated":true}]}}