{"id":257,"date":"2023-09-27T10:58:55","date_gmt":"2023-09-27T08:58:55","guid":{"rendered":"https:\/\/lifevacshop.eu\/?post_type=product&#038;p=257"},"modified":"2026-02-05T11:01:49","modified_gmt":"2026-02-05T09:01:49","slug":"an-der-wand-montierte-gebrauchsanweisung-fur-die-lifevac-anti-ertrinkungsbox","status":"publish","type":"product","link":"https:\/\/lifevacshop.eu\/at\/zimmer\/an-der-wand-montierte-gebrauchsanweisung-fur-die-lifevac-anti-ertrinkungsbox\/","title":{"rendered":"Montageanleitung f\u00fcr die Wandhalterung des LifeVac-Ger\u00e4ts zur Verhinderung von Erstickungsanf\u00e4llen"},"content":{"rendered":"<h2>Dank des wandmontierten Hinweisschildes kann jeder in einer Notfallsituation LifeVac nutzen, auch ohne Schulung oder Erfahrung.<\/h2>\n<p>Unter Ihnen, in \u00f6ffentlichen R\u00e4umen, in Restaurants, Schulen, Kinderg\u00e4rten, Krankenh\u00e4usern, Pflegeheimen, B\u00fcros, Hotels und anderen leicht zug\u00e4nglichen Orten empfehlen wir die Aufstellung des lebensrettenden LifeVac-Ger\u00e4ts. Die A3-gro\u00dfe, wandmontierte Tafel zeigt eine \u00fcbersichtliche Schritt-f\u00fcr-Schritt-Anleitung zur Verwendung und erkl\u00e4rt die Standard-Heimlich-Man\u00f6ver-Methode. (Das LifeVac-Ger\u00e4t und die Maske sind nicht enthalten und m\u00fcssen separat erworben werden.)<\/p>","protected":false},"excerpt":{"rendered":"<p>Die an der Wand montierte Tafel erm\u00f6glicht es jedem, das LifeVac im Notfall zu benutzen, auch ohne vorherige Schulung oder \u00dcbung. Sie wird f\u00fcr den Einsatz an \u00f6ffentlichen Pl\u00e4tzen, in Restaurants, Schulen, Kinderg\u00e4rten, Krankenh\u00e4usern, Pflegeheimen, B\u00fcros, Hotels und anderen leicht zug\u00e4nglichen Orten zusammen mit dem LifeVac Lebensrettungsger\u00e4t empfohlen. An der Wand montierbare Tafel im A3-Format mit klarer Schritt-f\u00fcr-Schritt-Anleitung f\u00fcr die Anwendung und das Standard-Heimlich-Man\u00f6ver (LifeVac ... <a title=\"Montageanleitung f\u00fcr die Wandhalterung des LifeVac-Ger\u00e4ts zur Verhinderung von Erstickungsanf\u00e4llen\" class=\"read-more\" href=\"https:\/\/lifevacshop.eu\/at\/zimmer\/an-der-wand-montierte-gebrauchsanweisung-fur-die-lifevac-anti-ertrinkungsbox\/\" aria-label=\"Lesen Sie mehr \u00fcber die Anleitung f\u00fcr die Wandmontage des LifeVac Erstickungsschutzes\">Mehr lesen<\/a><\/p>","protected":false},"featured_media":258,"comment_status":"closed","ping_status":"closed","template":"","meta":[],"product_brand":[],"product_cat":[32],"product_tag":[],"class_list":{"0":"post-257","1":"product","2":"type-product","3":"status-publish","4":"has-post-thumbnail","6":"product_cat-lifevac-termekek","7":"sales-flash-overlay","8":"woocommerce-text-align-center","9":"woocommerce-image-align-center","10":"do-quantity-buttons","12":"first","13":"instock","14":"sale","15":"taxable","16":"shipping-taxable","17":"purchasable","18":"product-type-simple"},"_links":{"self":[{"href":"https:\/\/lifevacshop.eu\/at\/wp-json\/wp\/v2\/product\/257","targetHints":{"allow":["GET"]}}],"collection":[{"href":"https:\/\/lifevacshop.eu\/at\/wp-json\/wp\/v2\/product"}],"about":[{"href":"https:\/\/lifevacshop.eu\/at\/wp-json\/wp\/v2\/types\/product"}],"replies":[{"embeddable":true,"href":"https:\/\/lifevacshop.eu\/at\/wp-json\/wp\/v2\/comments?post=257"}],"wp:featuredmedia":[{"embeddable":true,"href":"https:\/\/lifevacshop.eu\/at\/wp-json\/wp\/v2\/media\/258"}],"wp:attachment":[{"href":"https:\/\/lifevacshop.eu\/at\/wp-json\/wp\/v2\/media?parent=257"}],"wp:term":[{"taxonomy":"product_brand","embeddable":true,"href":"https:\/\/lifevacshop.eu\/at\/wp-json\/wp\/v2\/product_brand?post=257"},{"taxonomy":"product_cat","embeddable":true,"href":"https:\/\/lifevacshop.eu\/at\/wp-json\/wp\/v2\/product_cat?post=257"},{"taxonomy":"product_tag","embeddable":true,"href":"https:\/\/lifevacshop.eu\/at\/wp-json\/wp\/v2\/product_tag?post=257"}],"curies":[{"name":"wp","href":"https:\/\/api.w.org\/{rel}","templated":true}]}}