{"id":254,"date":"2023-09-27T10:51:55","date_gmt":"2023-09-27T08:51:55","guid":{"rendered":"https:\/\/lifevacshop.eu\/?post_type=product&#038;p=254"},"modified":"2023-12-29T13:08:31","modified_gmt":"2023-12-29T11:08:31","slug":"extra-grose-austauschbare-maske-fur-lifevac-keszulek","status":"publish","type":"product","link":"https:\/\/lifevacshop.eu\/at\/zimmer\/extra-grose-austauschbare-maske-fur-lifevac-keszulek\/","title":{"rendered":"Extragro\u00dfe auswechselbare Maske f\u00fcr das LifeVac-Ger\u00e4t."},"content":{"rendered":"<h2>Dieses Produkt ist die austauschbare extragro\u00dfe Maske f\u00fcr die LifeVac-Ger\u00e4t.<\/h2>\n<p>Haupts\u00e4chlich f\u00fcr Erwachsene, eher f\u00fcr M\u00e4nner und \u00e4ltere Menschen empfohlen, zus\u00e4tzlich zu Ihrem vorhandenen LifeVac-Ger\u00e4t.<br \/>\nBitte \u00fcberpr\u00fcfen Sie die Masken regelm\u00e4\u00dfig und wir empfehlen, sie alle 2-3 Jahre auszutauschen.<\/p>\n<p>Im Falle eines erfolgreichen Notfalleinsatzes wird die Maske kostenlos ersetzt, wenn Sie uns dies \u00fcber das Einsatzformular mitteilen.<\/p>\n<p>LifeVac ist ein manuelles Saugger\u00e4t, das das f\u00fcr die Beseitigung von Verstopfungen der oberen Atemwege in Notfallsituationen entwickelt wurde, in denen herk\u00f6mmliche Verfahren m\u00f6glicherweise nicht erfolgreich sind.<\/p>","protected":false},"excerpt":{"rendered":"<p>Dieses Produkt ist eine extra gro\u00dfe Ersatzmaske f\u00fcr das LifeVac-Ger\u00e4t. Empfohlen vor allem f\u00fcr Erwachsene, aber mehr f\u00fcr M\u00e4nner und \u00e4ltere Menschen, um ihre bestehenden LifeVac zu begleiten. Bitte \u00fcberpr\u00fcfen Sie Ihre Masken regelm\u00e4\u00dfig und wir empfehlen, sie alle 2-3 Jahre zu ersetzen. Im Falle eines erfolgreichen Notfalleinsatzes ersetzen wir die Maske kostenlos, wenn Sie uns dies mit Hilfe des Einsatzberichtsformulars mitteilen. Das LifeVac ist ein manuelles ... <a title=\"Extragro\u00dfe auswechselbare Maske f\u00fcr das LifeVac-Ger\u00e4t.\" class=\"read-more\" href=\"https:\/\/lifevacshop.eu\/at\/zimmer\/extra-grose-austauschbare-maske-fur-lifevac-keszulek\/\" aria-label=\"Lesen Sie mehr \u00fcber Extra gro\u00dfe austauschbare Maske f\u00fcr LifeVac\">Mehr lesen<\/a><\/p>","protected":false},"featured_media":255,"comment_status":"closed","ping_status":"closed","template":"","meta":[],"product_brand":[],"product_cat":[34],"product_tag":[],"class_list":{"0":"post-254","1":"product","2":"type-product","3":"status-publish","4":"has-post-thumbnail","6":"product_cat-lifevac-maszkok","7":"sales-flash-overlay","8":"woocommerce-text-align-center","9":"woocommerce-image-align-center","10":"do-quantity-buttons","11":"wc-has-gallery","13":"first","14":"instock","15":"taxable","16":"shipping-taxable","17":"purchasable","18":"product-type-simple"},"_links":{"self":[{"href":"https:\/\/lifevacshop.eu\/at\/wp-json\/wp\/v2\/product\/254","targetHints":{"allow":["GET"]}}],"collection":[{"href":"https:\/\/lifevacshop.eu\/at\/wp-json\/wp\/v2\/product"}],"about":[{"href":"https:\/\/lifevacshop.eu\/at\/wp-json\/wp\/v2\/types\/product"}],"replies":[{"embeddable":true,"href":"https:\/\/lifevacshop.eu\/at\/wp-json\/wp\/v2\/comments?post=254"}],"wp:featuredmedia":[{"embeddable":true,"href":"https:\/\/lifevacshop.eu\/at\/wp-json\/wp\/v2\/media\/255"}],"wp:attachment":[{"href":"https:\/\/lifevacshop.eu\/at\/wp-json\/wp\/v2\/media?parent=254"}],"wp:term":[{"taxonomy":"product_brand","embeddable":true,"href":"https:\/\/lifevacshop.eu\/at\/wp-json\/wp\/v2\/product_brand?post=254"},{"taxonomy":"product_cat","embeddable":true,"href":"https:\/\/lifevacshop.eu\/at\/wp-json\/wp\/v2\/product_cat?post=254"},{"taxonomy":"product_tag","embeddable":true,"href":"https:\/\/lifevacshop.eu\/at\/wp-json\/wp\/v2\/product_tag?post=254"}],"curies":[{"name":"wp","href":"https:\/\/api.w.org\/{rel}","templated":true}]}}