{"id":232,"date":"2023-09-26T15:22:09","date_gmt":"2023-09-26T13:22:09","guid":{"rendered":"https:\/\/lifevacshop.eu\/?post_type=product&#038;p=232"},"modified":"2025-01-09T17:09:45","modified_gmt":"2025-01-09T15:09:45","slug":"paket-von-3-lifevac-im-letzten-fremdkorper-stecken","status":"publish","type":"product","link":"https:\/\/lifevacshop.eu\/at\/zimmer\/paket-von-3-lifevac-im-letzten-fremdkorper-stecken\/","title":{"rendered":"3 St. LifeVac-Set zur Entfernung von Fremdk\u00f6rpern aus den Atemwegen"},"content":{"rendered":"<h2>3 St. LifeVac-Basispakete, die sind manuelle, nicht-invasive Einwegger\u00e4te, das f\u00fcr die Notfallversorgung und lebensrettende Ma\u00dfnahmen bei obstruktiver Atemwegsverlegung durch Fremdk\u00f6rper entwickelt wurde.<\/h2>\n<h3>Jetzt dreifach, fast zum halben Preis!<\/h3>\n<p>Das LifeVac verf\u00fcgt \u00fcber ein Einwegventil, so dass beim Gebrauch des Ger\u00e4ts \u00fcber die Maske keine Luft in den Patienten gelangt. Das Ger\u00e4t ist in der Lage, bis zu 300 mmHg negativen Druck zu erzeugen, um eine Atemwegsverstopfung zu beseitigen. Die Saugdauer ist minimal, daher sicher und von jedermann anwendbar.<\/p>\n<h3>Inhalt des Pakets:<\/h3>\n<ul>\n<li>3 St. LifeVac Ger\u00e4te<\/li>\n<li>3 St. gro\u00dfe Erwachsenenmasken<\/li>\n<li>3 St. mittelgro\u00dfe Erwachsenenmasken<\/li>\n<li>3 St. kleine Kindermasken<\/li>\n<li>3 St. Kindermasken<\/li>\n<li>3 St. Gebrauchsanweisungen<\/li>\n<li>3 St. Standardverfahren zur Entfernung von Fremdk\u00f6rpern aus den Atemwegen, Prozessdiagramme<\/li>\n<\/ul>\n<p>Alles in einer Kartonschachtel.<\/p>\n<p>Verpassen Sie nicht diese unglaubliche Gelegenheit!<\/p>","protected":false},"excerpt":{"rendered":"<p>Das 3-teilige LifeVac-Basisset ist ein manuelles, nicht-invasives Einwegger\u00e4t, das f\u00fcr die Notfallrettung und Lebensrettung im Falle einer Atemwegsobstruktion durch einen Fremdk\u00f6rper entwickelt wurde. Jetzt zum dreifachen Preis, also fast zum halben Preis! Das LifeVac verf\u00fcgt \u00fcber ein Einwegventil, so dass bei Verwendung des Ger\u00e4ts keine Luft durch die Maske in den Patienten gelangt. Das Ger\u00e4t kann einen Unterdruck von bis zu 300 mm Hg erzeugen, um eine Obstruktion der Atemwege zu beheben ... <a title=\"3 St. LifeVac-Set zur Entfernung von Fremdk\u00f6rpern aus den Atemwegen\" class=\"read-more\" href=\"https:\/\/lifevacshop.eu\/at\/zimmer\/paket-von-3-lifevac-im-letzten-fremdkorper-stecken\/\" aria-label=\"Lesen Sie mehr \u00fcber 3 LifeVac-Kits zur Entfernung von Fremdk\u00f6rpern aus den Atemwegen\">Mehr lesen<\/a><\/p>","protected":false},"featured_media":233,"comment_status":"open","ping_status":"closed","template":"","meta":[],"product_brand":[],"product_cat":[32],"product_tag":[],"class_list":{"0":"post-232","1":"product","2":"type-product","3":"status-publish","4":"has-post-thumbnail","6":"product_cat-lifevac-termekek","7":"sales-flash-overlay","8":"woocommerce-text-align-center","9":"woocommerce-image-align-center","10":"do-quantity-buttons","12":"first","13":"instock","14":"sale","15":"taxable","16":"shipping-taxable","17":"purchasable","18":"product-type-simple"},"_links":{"self":[{"href":"https:\/\/lifevacshop.eu\/at\/wp-json\/wp\/v2\/product\/232","targetHints":{"allow":["GET"]}}],"collection":[{"href":"https:\/\/lifevacshop.eu\/at\/wp-json\/wp\/v2\/product"}],"about":[{"href":"https:\/\/lifevacshop.eu\/at\/wp-json\/wp\/v2\/types\/product"}],"replies":[{"embeddable":true,"href":"https:\/\/lifevacshop.eu\/at\/wp-json\/wp\/v2\/comments?post=232"}],"wp:featuredmedia":[{"embeddable":true,"href":"https:\/\/lifevacshop.eu\/at\/wp-json\/wp\/v2\/media\/233"}],"wp:attachment":[{"href":"https:\/\/lifevacshop.eu\/at\/wp-json\/wp\/v2\/media?parent=232"}],"wp:term":[{"taxonomy":"product_brand","embeddable":true,"href":"https:\/\/lifevacshop.eu\/at\/wp-json\/wp\/v2\/product_brand?post=232"},{"taxonomy":"product_cat","embeddable":true,"href":"https:\/\/lifevacshop.eu\/at\/wp-json\/wp\/v2\/product_cat?post=232"},{"taxonomy":"product_tag","embeddable":true,"href":"https:\/\/lifevacshop.eu\/at\/wp-json\/wp\/v2\/product_tag?post=232"}],"curies":[{"name":"wp","href":"https:\/\/api.w.org\/{rel}","templated":true}]}}