{"id":224,"date":"2023-09-21T15:34:05","date_gmt":"2023-09-21T13:34:05","guid":{"rendered":"https:\/\/lifevacshop.eu\/?post_type=product&#038;p=224"},"modified":"2025-01-09T17:07:51","modified_gmt":"2025-01-09T15:07:51","slug":"lifevac-notleidende-fremdkorper-eltavolito-eskoz-grundpaket","status":"publish","type":"product","link":"https:\/\/lifevacshop.eu\/at\/zimmer\/lifevac-notleidende-fremdkorper-eltavolito-eskoz-grundpaket\/","title":{"rendered":"LifeVac-Set zur Entfernung von Fremdk\u00f6rpern aus den Atemwegen \u2013 GRUNDPAKETT"},"content":{"rendered":"<h2>Das LifeVac-Basiskit ist ein manuelles, nicht-invasives, Einwegger\u00e4t, das f\u00fcr die Notfallversorgung und lebensrettende Ma\u00dfnahmen bei obstruktiver Atemwegsverlegung durch Fremdk\u00f6rper entwickelt wurde.<\/h2>\n<p>Das LifeVac verf\u00fcgt \u00fcber ein Einwegventil, so dass beim Gebrauch des Ger\u00e4ts \u00fcber die Maske keine Luft in den Patienten gelangt. Das Ger\u00e4t ist in der Lage, bis zu 300 mmHg negativen Druck zu erzeugen, um eine Atemwegsverstopfung zu beseitigen. Die Saugdauer ist minimal, daher sicher und von jedermann anwendbar.<\/p>\n<h3>Inhalt des Pakets:<\/h3>\n<ul>\n<li>LifeVac Ger\u00e4t<\/li>\n<li>1 St\u00fcck gro\u00dfe Erwachsenenmaske<\/li>\n<li>1 St\u00fcck mittelgro\u00dfe Erwachsenenmaske<\/li>\n<li>1 St\u00fcck kleine Kindermaske<\/li>\n<li>1 St\u00fcck Kindermaske<\/li>\n<li>1 St\u00fcck Gebrauchsanweisung<\/li>\n<li>1 St\u00fcck Standardverfahren zur Entfernung von Fremdk\u00f6rpern aus den Atemwegen, Prozessdiagramm<\/li>\n<\/ul>\n<p>Alles in einer Kartonschachtel.<\/p>","protected":false},"excerpt":{"rendered":"<p>Das LifeVac-Basisset ist ein manuelles, nicht invasives Einwegger\u00e4t, das f\u00fcr die lebensrettende Notfallrettung im Falle einer Atemwegsobstruktion durch einen Fremdk\u00f6rper entwickelt wurde. Das LifeVac verf\u00fcgt \u00fcber ein Einwegventil, so dass bei Verwendung des Ger\u00e4ts keine Luft durch die Maske in den Patienten gelangt. Das Ger\u00e4t kann einen Unterdruck von bis zu 300 mm Hg erzeugen, um die Obstruktion der Atemwege zu beseitigen. Die Absaugzeit ist minimal, ... <a title=\"LifeVac Ger\u00e4t zur Entfernung von Fremdk\u00f6rpern aus den Atemwegen - ALAP PACKAGE\" class=\"read-more\" href=\"https:\/\/lifevacshop.eu\/at\/zimmer\/lifevac-notleidende-fremdkorper-eltavolito-eskoz-grundpaket\/\" aria-label=\"Lesen Sie mehr \u00fcber das LifeVac-Ger\u00e4t zur Entfernung von Fremdk\u00f6rpern in den Atemwegen - ALAP CSOMAG\">Mehr lesen<\/a><\/p>","protected":false},"featured_media":225,"comment_status":"open","ping_status":"closed","template":"","meta":[],"product_brand":[],"product_cat":[32,34],"product_tag":[],"class_list":{"0":"post-224","1":"product","2":"type-product","3":"status-publish","4":"has-post-thumbnail","6":"product_cat-lifevac-termekek","7":"product_cat-lifevac-maszkok","8":"sales-flash-overlay","9":"woocommerce-text-align-center","10":"woocommerce-image-align-center","11":"do-quantity-buttons","12":"wc-has-gallery","14":"first","15":"instock","16":"sale","17":"taxable","18":"shipping-taxable","19":"purchasable","20":"product-type-simple"},"_links":{"self":[{"href":"https:\/\/lifevacshop.eu\/at\/wp-json\/wp\/v2\/product\/224","targetHints":{"allow":["GET"]}}],"collection":[{"href":"https:\/\/lifevacshop.eu\/at\/wp-json\/wp\/v2\/product"}],"about":[{"href":"https:\/\/lifevacshop.eu\/at\/wp-json\/wp\/v2\/types\/product"}],"replies":[{"embeddable":true,"href":"https:\/\/lifevacshop.eu\/at\/wp-json\/wp\/v2\/comments?post=224"}],"wp:featuredmedia":[{"embeddable":true,"href":"https:\/\/lifevacshop.eu\/at\/wp-json\/wp\/v2\/media\/225"}],"wp:attachment":[{"href":"https:\/\/lifevacshop.eu\/at\/wp-json\/wp\/v2\/media?parent=224"}],"wp:term":[{"taxonomy":"product_brand","embeddable":true,"href":"https:\/\/lifevacshop.eu\/at\/wp-json\/wp\/v2\/product_brand?post=224"},{"taxonomy":"product_cat","embeddable":true,"href":"https:\/\/lifevacshop.eu\/at\/wp-json\/wp\/v2\/product_cat?post=224"},{"taxonomy":"product_tag","embeddable":true,"href":"https:\/\/lifevacshop.eu\/at\/wp-json\/wp\/v2\/product_tag?post=224"}],"curies":[{"name":"wp","href":"https:\/\/api.w.org\/{rel}","templated":true}]}}