{"id":223,"date":"2023-09-21T15:25:34","date_gmt":"2023-09-21T13:25:34","guid":{"rendered":"https:\/\/lifevacshop.eu\/?post_type=product&#038;p=223"},"modified":"2024-12-17T12:42:32","modified_gmt":"2024-12-17T10:42:32","slug":"lifevac-paket-2-wande-informacios-tabla-es-keszulektarolo","status":"publish","type":"product","link":"https:\/\/lifevacshop.eu\/at\/zimmer\/lifevac-paket-2-wande-informacios-tabla-es-keszulektarolo\/","title":{"rendered":"LifeVac-Paket 2: Wandinformationstafel und Ger\u00e4teaufbewahrung (LifeVac-Ger\u00e4t und Maske nicht enthalten)"},"content":{"rendered":"<h2>Im LifeVac-Paket 2 befinden sich die wandmontierte Informations-Tafel und die Aufbewahrungstasche.<\/h2>\n<p>Die Wandtafel zeigt den korrekten Gebrauch des LifeVac, und dann kann das gesamte Zubeh\u00f6r in den festen Koffer gelegt werden.<\/p>\n<p><em><strong>(LifeVac und Masken sind nicht im Lieferumfang enthalten, sie m\u00fcssen separat erworben werden).<\/strong><\/em><\/p>","protected":false},"excerpt":{"rendered":"<p>Das LifeVac 2-Paket enth\u00e4lt eine an der Wand befestigte Informationstafel und eine Aufbewahrungstasche. Die an der Wand befestigte Informationstafel zeigt die korrekte Verwendung des LifeVac, und die Aufbewahrungstasche enth\u00e4lt das gesamte Zubeh\u00f6r des LifeVac (LifeVac und Masken sind nicht im Lieferumfang enthalten, sie m\u00fcssen separat erworben werden).<\/p>","protected":false},"featured_media":243,"comment_status":"closed","ping_status":"closed","template":"","meta":[],"product_brand":[],"product_cat":[32],"product_tag":[],"class_list":{"0":"post-223","1":"product","2":"type-product","3":"status-publish","4":"has-post-thumbnail","6":"product_cat-lifevac-termekek","7":"sales-flash-overlay","8":"woocommerce-text-align-center","9":"woocommerce-image-align-center","10":"do-quantity-buttons","12":"first","13":"outofstock","14":"sale","15":"taxable","16":"shipping-taxable","17":"purchasable","18":"product-type-simple"},"_links":{"self":[{"href":"https:\/\/lifevacshop.eu\/at\/wp-json\/wp\/v2\/product\/223","targetHints":{"allow":["GET"]}}],"collection":[{"href":"https:\/\/lifevacshop.eu\/at\/wp-json\/wp\/v2\/product"}],"about":[{"href":"https:\/\/lifevacshop.eu\/at\/wp-json\/wp\/v2\/types\/product"}],"replies":[{"embeddable":true,"href":"https:\/\/lifevacshop.eu\/at\/wp-json\/wp\/v2\/comments?post=223"}],"wp:featuredmedia":[{"embeddable":true,"href":"https:\/\/lifevacshop.eu\/at\/wp-json\/wp\/v2\/media\/243"}],"wp:attachment":[{"href":"https:\/\/lifevacshop.eu\/at\/wp-json\/wp\/v2\/media?parent=223"}],"wp:term":[{"taxonomy":"product_brand","embeddable":true,"href":"https:\/\/lifevacshop.eu\/at\/wp-json\/wp\/v2\/product_brand?post=223"},{"taxonomy":"product_cat","embeddable":true,"href":"https:\/\/lifevacshop.eu\/at\/wp-json\/wp\/v2\/product_cat?post=223"},{"taxonomy":"product_tag","embeddable":true,"href":"https:\/\/lifevacshop.eu\/at\/wp-json\/wp\/v2\/product_tag?post=223"}],"curies":[{"name":"wp","href":"https:\/\/api.w.org\/{rel}","templated":true}]}}