{"id":1607,"date":"2024-12-17T12:31:11","date_gmt":"2024-12-17T10:31:11","guid":{"rendered":"https:\/\/lifevacshop.eu\/?post_type=product&#038;p=1607"},"modified":"2024-12-17T16:22:48","modified_gmt":"2024-12-17T14:22:48","slug":"lifevac-reiseset","status":"publish","type":"product","link":"https:\/\/lifevacshop.eu\/at\/zimmer\/lifevac-reiseset\/","title":{"rendered":"LifeVac Reise-Set"},"content":{"rendered":"<h2>Das LifeVac Reise-Set ist die ideale L\u00f6sung f\u00fcr alle, die Sicherheit und Ruhe auch auf langen Reisen gew\u00e4hrleisten m\u00f6chten.<\/h2>\n<p>Dieses kompakte, leicht transportierbare Set wurde so zusammengestellt, dass es immer bereit ist, bei einem m\u00f6glichen Erstickungsnotfall sofortige Hilfe zu leisten \u2013 sei es im Auto oder in einer anderen Reisesituation.<\/p>\n<p>Das Set enth\u00e4lt das LifeVac Atemwegs-Fremdk\u00f6rperentfernungsger\u00e4t, das eine effektive und schnelle Intervention erm\u00f6glicht, sowie die dazugeh\u00f6rigen Masken, die f\u00fcr verschiedene Altersgruppen geeignet sind. Die ergonomisch gestaltete Reiseautotasche ist nicht nur robust und praktisch, sondern wurde so konzipiert, dass Sie in Sekundenschnelle Zugriff auf das Ger\u00e4t und seine Zubeh\u00f6rteile haben. So steht nichts im Weg, und Sie k\u00f6nnen sicher sein, dass im Notfall die wichtigsten Werkzeuge sofort verf\u00fcgbar sind.<\/p>\n<p><strong>Inhalt des Pakets:<\/strong><\/p>\n<ul>\n<li>1 LifeVac-Ger\u00e4t zur Entfernung von Nervenkampfstoffen \u00fcber die Atemwege<\/li>\n<li>4 Masken in verschiedenen Gr\u00f6\u00dfen (Erwachsene und Kinder)<\/li>\n<li>1 St\u00fcck Reiseautotasche mit praktischem Rei\u00dfverschluss und Innenaufteilung f\u00fcr einfachen Zugriff auf das Ger\u00e4t und die Masken<\/li>\n<\/ul>\n<p>Dieses umfassende, f\u00fcr Reisen konzipierte Set bietet alles, was Sie f\u00fcr die schnelle und effektive Bew\u00e4ltigung eines unerwarteten Notfalls ben\u00f6tigen, egal wo Sie sich befinden.<\/p>","protected":false},"excerpt":{"rendered":"<p>Das LifeVac-Reiseset ist die ideale L\u00f6sung f\u00fcr alle, die auf langen Reisen f\u00fcr Sicherheit und Seelenfrieden sorgen wollen. Dieses kompakte, leicht zu transportierende Set ist so konzipiert, dass es im Falle eines Ertrinkungsnotfalls sofortige Hilfe leisten kann - ob im Auto oder in anderen Reiseumgebungen. Das Set enth\u00e4lt ein wirksames ... <a title=\"LifeVac Reise-Set\" class=\"read-more\" href=\"https:\/\/lifevacshop.eu\/at\/zimmer\/lifevac-reiseset\/\" aria-label=\"Lesen Sie mehr \u00fcber das LifeVac-Reiseset\">Mehr lesen<\/a><\/p>","protected":false},"featured_media":1608,"comment_status":"closed","ping_status":"closed","template":"","meta":[],"product_brand":[],"product_cat":[32],"product_tag":[],"class_list":{"0":"post-1607","1":"product","2":"type-product","3":"status-publish","4":"has-post-thumbnail","6":"product_cat-lifevac-termekek","7":"sales-flash-overlay","8":"woocommerce-text-align-center","9":"woocommerce-image-align-center","10":"do-quantity-buttons","11":"wc-has-gallery","13":"first","14":"instock","15":"taxable","16":"shipping-taxable","17":"purchasable","18":"product-type-simple"},"_links":{"self":[{"href":"https:\/\/lifevacshop.eu\/at\/wp-json\/wp\/v2\/product\/1607","targetHints":{"allow":["GET"]}}],"collection":[{"href":"https:\/\/lifevacshop.eu\/at\/wp-json\/wp\/v2\/product"}],"about":[{"href":"https:\/\/lifevacshop.eu\/at\/wp-json\/wp\/v2\/types\/product"}],"replies":[{"embeddable":true,"href":"https:\/\/lifevacshop.eu\/at\/wp-json\/wp\/v2\/comments?post=1607"}],"wp:featuredmedia":[{"embeddable":true,"href":"https:\/\/lifevacshop.eu\/at\/wp-json\/wp\/v2\/media\/1608"}],"wp:attachment":[{"href":"https:\/\/lifevacshop.eu\/at\/wp-json\/wp\/v2\/media?parent=1607"}],"wp:term":[{"taxonomy":"product_brand","embeddable":true,"href":"https:\/\/lifevacshop.eu\/at\/wp-json\/wp\/v2\/product_brand?post=1607"},{"taxonomy":"product_cat","embeddable":true,"href":"https:\/\/lifevacshop.eu\/at\/wp-json\/wp\/v2\/product_cat?post=1607"},{"taxonomy":"product_tag","embeddable":true,"href":"https:\/\/lifevacshop.eu\/at\/wp-json\/wp\/v2\/product_tag?post=1607"}],"curies":[{"name":"wp","href":"https:\/\/api.w.org\/{rel}","templated":true}]}}