{"id":371,"date":"2023-10-07T08:45:33","date_gmt":"2023-10-07T06:45:33","guid":{"rendered":"https:\/\/lifevacshop.eu\/?page_id=371"},"modified":"2023-10-13T12:10:21","modified_gmt":"2023-10-13T10:10:21","slug":"kontakt","status":"publish","type":"page","link":"https:\/\/lifevacshop.eu\/at\/kontakt\/","title":{"rendered":"Kontakt"},"content":{"rendered":"<div data-elementor-type=\"wp-page\" data-elementor-id=\"371\" class=\"elementor elementor-371\" data-elementor-post-type=\"page\">\n\t\t\t\t<div class=\"elementor-element elementor-element-0628859 e-con-full e-flex e-con e-parent\" data-id=\"0628859\" data-element_type=\"container\">\n\t\t<div class=\"elementor-element elementor-element-ab62cbf e-con-full e-flex e-con e-child\" data-id=\"ab62cbf\" data-element_type=\"container\">\n\t\t\t\t<div class=\"elementor-element elementor-element-f2cbd66 elementor-widget elementor-widget-google_maps\" data-id=\"f2cbd66\" data-element_type=\"widget\" data-widget_type=\"google_maps.default\">\n\t\t\t\t<div class=\"elementor-widget-container\">\n\t\t\t\t\t\t\t<div class=\"elementor-custom-embed\">\n\t\t\t<iframe loading=\"lazy\"\n\t\t\t\t\tsrc=\"https:\/\/maps.google.com\/maps?q=NAgyk%C3%A1ta%20v%C3%ADg%20u.%208&#038;t=m&#038;z=13&#038;output=embed&#038;iwloc=near\"\n\t\t\t\t\ttitle=\"NAgyk\u00e1ta v\u00edg u. 8\"\n\t\t\t\t\taria-label=\"NAgyk\u00e1ta v\u00edg u. 8\"\n\t\t\t><\/iframe>\n\t\t<\/div>\n\t\t\t\t\t\t<\/div>\n\t\t\t\t<\/div>\n\t\t\t\t<\/div>\n\t\t<div class=\"elementor-element elementor-element-024b735 e-con-full e-flex e-con e-child\" data-id=\"024b735\" data-element_type=\"container\">\n\t\t<div class=\"elementor-element elementor-element-4d0c69c e-flex e-con-boxed e-con e-child\" data-id=\"4d0c69c\" data-element_type=\"container\">\n\t\t\t\t\t<div class=\"e-con-inner\">\n\t\t\t\t<div class=\"elementor-element elementor-element-bf25528 elementor-widget elementor-widget-heading\" data-id=\"bf25528\" data-element_type=\"widget\" data-widget_type=\"heading.default\">\n\t\t\t\t<div class=\"elementor-widget-container\">\n\t\t\t\t\t<h1 class=\"elementor-heading-title elementor-size-default\">Kontaktiere uns<\/h1>\t\t\t\t<\/div>\n\t\t\t\t<\/div>\n\t\t\t\t\t<\/div>\n\t\t\t\t<\/div>\n\t\t<div class=\"elementor-element elementor-element-5a17745 e-flex e-con-boxed e-con e-child\" data-id=\"5a17745\" data-element_type=\"container\" data-settings=\"{&quot;background_background&quot;:&quot;classic&quot;}\">\n\t\t\t\t\t<div class=\"e-con-inner\">\n\t\t<div class=\"elementor-element elementor-element-150465c e-flex e-con-boxed e-con e-child\" data-id=\"150465c\" data-element_type=\"container\">\n\t\t\t\t\t<div class=\"e-con-inner\">\n\t\t<div class=\"elementor-element elementor-element-ac81aae e-flex e-con-boxed e-con e-child\" data-id=\"ac81aae\" data-element_type=\"container\">\n\t\t\t\t\t<div class=\"e-con-inner\">\n\t\t\t\t<div class=\"elementor-element elementor-element-aaa3ff1 elementor-view-default elementor-widget elementor-widget-icon\" data-id=\"aaa3ff1\" data-element_type=\"widget\" data-widget_type=\"icon.default\">\n\t\t\t\t<div class=\"elementor-widget-container\">\n\t\t\t\t\t\t\t<div class=\"elementor-icon-wrapper\">\n\t\t\t<div class=\"elementor-icon\">\n\t\t\t<i aria-hidden=\"true\" class=\"fas fa-mail-bulk\"><\/i>\t\t\t<\/div>\n\t\t<\/div>\n\t\t\t\t\t\t<\/div>\n\t\t\t\t<\/div>\n\t\t<div class=\"elementor-element elementor-element-8ce6d44 e-flex e-con-boxed e-con e-child\" data-id=\"8ce6d44\" data-element_type=\"container\">\n\t\t\t\t\t<div class=\"e-con-inner\">\n\t\t\t\t<div class=\"elementor-element elementor-element-3f045f2 elementor-widget elementor-widget-text-editor\" data-id=\"3f045f2\" data-element_type=\"widget\" data-widget_type=\"text-editor.default\">\n\t\t\t\t<div class=\"elementor-widget-container\">\n\t\t\t\t\t\t\t\t\t<h4 class=\"et_pb_module_header\">E-Mail<\/h4><div class=\"et_pb_blurb_description\"><p><a href=\"mailto:info@lengyelmed.hu\" target=\"_blank\" rel=\"noopener\" data-wplink-edit=\"true\">info@lifevacshop.eu<\/a><\/p><\/div>\t\t\t\t\t\t\t\t<\/div>\n\t\t\t\t<\/div>\n\t\t\t\t\t<\/div>\n\t\t\t\t<\/div>\n\t\t\t\t\t<\/div>\n\t\t\t\t<\/div>\n\t\t\t\t\t<\/div>\n\t\t\t\t<\/div>\n\t\t<div class=\"elementor-element elementor-element-1c4390a e-flex e-con-boxed e-con e-child\" data-id=\"1c4390a\" data-element_type=\"container\">\n\t\t\t\t\t<div class=\"e-con-inner\">\n\t\t<div class=\"elementor-element elementor-element-bb22256 e-flex e-con-boxed e-con e-child\" data-id=\"bb22256\" data-element_type=\"container\">\n\t\t\t\t\t<div class=\"e-con-inner\">\n\t\t\t\t<div class=\"elementor-element elementor-element-c7d3fec elementor-view-default elementor-widget elementor-widget-icon\" data-id=\"c7d3fec\" data-element_type=\"widget\" data-widget_type=\"icon.default\">\n\t\t\t\t<div class=\"elementor-widget-container\">\n\t\t\t\t\t\t\t<div class=\"elementor-icon-wrapper\">\n\t\t\t<div class=\"elementor-icon\">\n\t\t\t<i aria-hidden=\"true\" class=\"fas fa-phone-alt\"><\/i>\t\t\t<\/div>\n\t\t<\/div>\n\t\t\t\t\t\t<\/div>\n\t\t\t\t<\/div>\n\t\t<div class=\"elementor-element elementor-element-96be21d e-flex e-con-boxed e-con e-child\" data-id=\"96be21d\" data-element_type=\"container\">\n\t\t\t\t\t<div class=\"e-con-inner\">\n\t\t\t\t<div class=\"elementor-element elementor-element-0e6aceb elementor-widget elementor-widget-text-editor\" data-id=\"0e6aceb\" data-element_type=\"widget\" data-widget_type=\"text-editor.default\">\n\t\t\t\t<div class=\"elementor-widget-container\">\n\t\t\t\t\t\t\t\t\t<h4 class=\"et_pb_module_header\">Telefon<\/h4><div class=\"et_pb_blurb_description\"><p>+36 20 241 1050<\/p><\/div>\t\t\t\t\t\t\t\t<\/div>\n\t\t\t\t<\/div>\n\t\t\t\t\t<\/div>\n\t\t\t\t<\/div>\n\t\t\t\t\t<\/div>\n\t\t\t\t<\/div>\n\t\t\t\t\t<\/div>\n\t\t\t\t<\/div>\n\t\t<div class=\"elementor-element elementor-element-9ac0238 e-flex e-con-boxed e-con e-child\" data-id=\"9ac0238\" data-element_type=\"container\">\n\t\t\t\t\t<div class=\"e-con-inner\">\n\t\t<div class=\"elementor-element elementor-element-022ca11 e-flex e-con-boxed e-con e-child\" data-id=\"022ca11\" data-element_type=\"container\">\n\t\t\t\t\t<div class=\"e-con-inner\">\n\t\t\t\t<div class=\"elementor-element elementor-element-d35f109 elementor-view-default elementor-widget elementor-widget-icon\" data-id=\"d35f109\" data-element_type=\"widget\" data-widget_type=\"icon.default\">\n\t\t\t\t<div class=\"elementor-widget-container\">\n\t\t\t\t\t\t\t<div class=\"elementor-icon-wrapper\">\n\t\t\t<div class=\"elementor-icon\">\n\t\t\t<i aria-hidden=\"true\" class=\"fas fa-clock\"><\/i>\t\t\t<\/div>\n\t\t<\/div>\n\t\t\t\t\t\t<\/div>\n\t\t\t\t<\/div>\n\t\t<div class=\"elementor-element elementor-element-a0a04ee e-flex e-con-boxed e-con e-child\" data-id=\"a0a04ee\" data-element_type=\"container\">\n\t\t\t\t\t<div class=\"e-con-inner\">\n\t\t\t\t<div class=\"elementor-element elementor-element-ea2e8f3 elementor-widget elementor-widget-text-editor\" data-id=\"ea2e8f3\" data-element_type=\"widget\" data-widget_type=\"text-editor.default\">\n\t\t\t\t<div class=\"elementor-widget-container\">\n\t\t\t\t\t\t\t\t\t<h4 class=\"et_pb_module_header\">Verf\u00fcgbarkeit<\/h4><div class=\"et_pb_blurb_description\"><p>An jedem Tag der Woche rund um die Uhr<\/p><\/div>\t\t\t\t\t\t\t\t<\/div>\n\t\t\t\t<\/div>\n\t\t\t\t\t<\/div>\n\t\t\t\t<\/div>\n\t\t\t\t\t<\/div>\n\t\t\t\t<\/div>\n\t\t\t\t\t<\/div>\n\t\t\t\t<\/div>\n\t\t\t\t\t<\/div>\n\t\t\t\t<\/div>\n\t\t\t\t<\/div>\n\t\t\t\t<\/div>\n\t\t<div class=\"elementor-element elementor-element-c20c62d e-flex e-con-boxed e-con e-parent\" data-id=\"c20c62d\" data-element_type=\"container\">\n\t\t\t\t\t<div class=\"e-con-inner\">\n\t\t<div class=\"elementor-element elementor-element-4c04e9a e-flex e-con-boxed e-con e-child\" data-id=\"4c04e9a\" data-element_type=\"container\">\n\t\t\t\t\t<div class=\"e-con-inner\">\n\t\t<div class=\"elementor-element elementor-element-988f4f6 e-con-full e-flex e-con e-child\" data-id=\"988f4f6\" data-element_type=\"container\">\n\t\t\t\t<div class=\"elementor-element elementor-element-6251a90 elementor-widget__width-initial elementor-widget elementor-widget-image\" data-id=\"6251a90\" data-element_type=\"widget\" data-widget_type=\"image.default\">\n\t\t\t\t<div class=\"elementor-widget-container\">\n\t\t\t\t\t\t\t\t\t\t\t\t\t\t\t<img fetchpriority=\"high\" decoding=\"async\" width=\"1024\" height=\"1024\" src=\"https:\/\/lifevacshop.eu\/wp-content\/uploads\/2023\/10\/Lengyel-Med-logo-1024x1024.png\" class=\"attachment-large size-large wp-image-377\" alt=\"Polnisch-Med-Logo\" srcset=\"https:\/\/lifevacshop.eu\/wp-content\/uploads\/2023\/10\/Lengyel-Med-logo-1024x1024.png 1024w, https:\/\/lifevacshop.eu\/wp-content\/uploads\/2023\/10\/Lengyel-Med-logo-300x300.png 300w, https:\/\/lifevacshop.eu\/wp-content\/uploads\/2023\/10\/Lengyel-Med-logo-100x100.png 100w, https:\/\/lifevacshop.eu\/wp-content\/uploads\/2023\/10\/Lengyel-Med-logo-800x800.png 800w, https:\/\/lifevacshop.eu\/wp-content\/uploads\/2023\/10\/Lengyel-Med-logo-150x150.png 150w, https:\/\/lifevacshop.eu\/wp-content\/uploads\/2023\/10\/Lengyel-Med-logo-768x768.png 768w, https:\/\/lifevacshop.eu\/wp-content\/uploads\/2023\/10\/Lengyel-Med-logo.png 1500w\" sizes=\"(max-width: 1024px) 100vw, 1024px\" title=\"\">\t\t\t\t\t\t\t\t\t\t\t\t\t\t\t<\/div>\n\t\t\t\t<\/div>\n\t\t\t\t<\/div>\n\t\t<div class=\"elementor-element elementor-element-b1b6e52 e-flex e-con-boxed e-con e-child\" data-id=\"b1b6e52\" data-element_type=\"container\">\n\t\t\t\t\t<div class=\"e-con-inner\">\n\t\t\t\t<div class=\"elementor-element elementor-element-0d87d41 elementor-widget elementor-widget-text-editor\" data-id=\"0d87d41\" data-element_type=\"widget\" data-widget_type=\"text-editor.default\">\n\t\t\t\t<div class=\"elementor-widget-container\">\n\t\t\t\t\t\t\t\t\t<p>Lengyel-Med Bt. bietet professionelle Gesundheitsdienstleistungen f\u00fcr Privatpersonen und Unternehmen an.<br \/>Es bietet theoretische und praktische Schulungen zu Gesundheits-, Kinderpflege-, Betreuungs- und Erste-Hilfe-Kenntnissen an.<\/p><p class=\"translation-block\">Wenn Sie die Dienstleistungen von <a title=\"LengyelMed\" href=\"https:\/\/lengyelmed.hu\" target=\"_blank\" rel=\"noopener\">Lengyel-Med<\/a> in Anspruch nehmen m\u00f6chten, rufen Sie an oder senden Sie eine E-Mail!<\/p>\t\t\t\t\t\t\t\t<\/div>\n\t\t\t\t<\/div>\n\t\t\t\t\t<\/div>\n\t\t\t\t<\/div>\n\t\t\t\t\t<\/div>\n\t\t\t\t<\/div>\n\t\t\t\t\t<\/div>\n\t\t\t\t<\/div>\n\t\t<div class=\"elementor-element elementor-element-730037c e-flex e-con-boxed e-con e-parent\" data-id=\"730037c\" data-element_type=\"container\">\n\t\t\t\t\t<div class=\"e-con-inner\">\n\t\t\t\t<div class=\"elementor-element elementor-element-298665a elementor-widget elementor-widget-wpforms\" data-id=\"298665a\" data-element_type=\"widget\" data-widget_type=\"wpforms.default\">\n\t\t\t\t<div class=\"elementor-widget-container\">\n\t\t\t\t\t<style id=\"wpforms-css-vars-elementor-widget-298665a\">\n\t\t\t\t.elementor-widget-wpforms.elementor-element-298665a {\n\t\t\t\t--wpforms-field-background-color: #FFFFFF;\n--wpforms-field-border-color: #5271FF;\n--wpforms-field-border-color-spare: #5271FF;\n--wpforms-field-text-color: #000000;\n--wpforms-label-color: #5271FF;\n\t\t\t}\n\t\t\t<\/style><div class=\"wpforms-container wpforms-container-full wpforms-render-modern\" id=\"wpforms-385\"><form id=\"wpforms-form-385\" class=\"wpforms-validate wpforms-form wpforms-ajax-form\" data-formid=\"385\" method=\"post\" enctype=\"multipart\/form-data\" action=\"\/at\/wp-json\/wp\/v2\/pages\/371\" data-token=\"f13a5f27f6963828567a2c0cb9734059\" data-token-time=\"1777506664\" data-trp-original-action=\"\/at\/wp-json\/wp\/v2\/pages\/371\"><noscript class=\"wpforms-error-noscript\">Bitte aktivieren Sie JavaScript in Ihrem Browser, um dieses Formular auszuf\u00fcllen.<\/noscript><div id=\"wpforms-error-noscript\" style=\"display: none;\">Bitte aktivieren Sie JavaScript in Ihrem Browser, um dieses Formular auszuf\u00fcllen.<\/div><div class=\"wpforms-field-container\"><div id=\"wpforms-385-field_0-container\" class=\"wpforms-field wpforms-field-name wpforms-one-half wpforms-first\" data-field-id=\"0\"><label class=\"wpforms-field-label\" for=\"wpforms-385-field_0\">Name <span class=\"wpforms-required-label\" aria-hidden=\"true\">*<\/span><\/label><input type=\"text\" id=\"wpforms-385-field_0\" class=\"wpforms-field-medium wpforms-field-required\" name=\"wpforms[fields][0]\" aria-errormessage=\"wpforms-385-field_0-error\" required><\/div><div id=\"wpforms-385-field_1-container\" class=\"wpforms-field wpforms-field-email wpforms-one-half\" data-field-id=\"1\"><label class=\"wpforms-field-label\" for=\"wpforms-385-field_1\">E-Mail <span class=\"wpforms-required-label\" aria-hidden=\"true\">*<\/span><\/label><input type=\"email\" id=\"wpforms-385-field_1\" class=\"wpforms-field-medium wpforms-field-required\" name=\"wpforms[fields][1]\" spellcheck=\"false\" aria-errormessage=\"wpforms-385-field_1-error\" required><\/div><div id=\"wpforms-385-field_2-container\" class=\"wpforms-field wpforms-field-textarea\" data-field-id=\"2\"><label class=\"wpforms-field-label\" for=\"wpforms-385-field_2\">Nachricht <span class=\"wpforms-required-label\" aria-hidden=\"true\">*<\/span><\/label><textarea id=\"wpforms-385-field_2\" class=\"wpforms-field-medium wpforms-field-required\" name=\"wpforms[fields][2]\" aria-errormessage=\"wpforms-385-field_2-error\" required><\/textarea><\/div><div id=\"wpforms-385-field_3-container\" class=\"wpforms-field wpforms-field-checkbox\" data-field-id=\"3\"><fieldset><legend class=\"wpforms-field-label\">DSGVO <span class=\"wpforms-required-label\" aria-hidden=\"true\">*<\/span><\/legend><ul id=\"wpforms-385-field_3\" class=\"wpforms-field-required\"><li class=\"choice-1 depth-1\"><input type=\"checkbox\" id=\"wpforms-385-field_3_1\" name=\"wpforms[fields][3][]\" value=\"Az &lt;a href=&quot;https:\/\/lengyelmed.hu\/altalanos-szerzodesi-feltetelek\/&quot;&gt;adatkezel\u00e9s t\u00e1j\u00e9koztat\u00f3&lt;\/a&gt; megismertem \u00e9s elfogadom.\" aria-errormessage=\"wpforms-385-field_3_1-error\" required><label class=\"wpforms-field-label-inline translation-block\" for=\"wpforms-385-field_3_1\">&lt;input type=&quot;checkbox&quot; id=&quot;wpforms-385-field_3_1&quot; name=&quot;wpforms[fields][3][]&quot; value=&quot;Ich habe die <a href='https:\/\/lengyelmed.hu\/altalanos-szerzodesi-feltetelek\/' target='_blank' rel='noopener'>Datenschutzrichtlinie<\/a> zur Kenntnis genommen und akzeptiere sie.\" aria-errormessage=\"wpforms-385-field_3_1-error\" required=\"\"&gt;\n<label class=\"wpforms-field-label-inline\" for=\"wpforms-385-field_3_1\">Ich habe die <a href='https:\/\/lengyelmed.hu\/altalanos-szerzodesi-feltetelek\/' target='_blank' rel='noopener'>Datenschutzrichtlinie<\/a> zur Kenntnis genommen und akzeptiere sie.<\/label><\/label><\/li><\/ul><\/fieldset><\/div><\/div><!-- .wpforms-field-container --><div class=\"wpforms-recaptcha-container wpforms-is-recaptcha wpforms-is-recaptcha-type-v3\" ><input type=\"hidden\" name=\"wpforms[recaptcha]\" value=\"\"><\/div><div class=\"wpforms-submit-container\" ><input type=\"hidden\" name=\"wpforms[id]\" value=\"385\"><input type=\"hidden\" name=\"page_title\" value=\"\"><input type=\"hidden\" name=\"page_url\" value=\"https:\/\/lifevacshop.eu\/at\/wp-json\/wp\/v2\/pages\/371\"><input type=\"hidden\" name=\"url_referer\" value=\"\"><button type=\"submit\" name=\"wpforms[submit]\" id=\"wpforms-submit-385\" class=\"wpforms-submit\" data-alt-text=\"K\u00fcld\u00e9s...\" data-submit-text=\"Elk\u00fcld\u00f6m\" aria-live=\"assertive\" value=\"wpforms-submit\">Sendung<\/button><img decoding=\"async\" src=\"https:\/\/lifevacshop.eu\/wp-content\/plugins\/wpforms-lite\/assets\/images\/submit-spin.svg\" class=\"wpforms-submit-spinner\" style=\"display: none;\" width=\"26\" height=\"26\" alt=\"Laden\" title=\"\"><\/div><input type=\"hidden\" name=\"trp-form-language\" value=\"at\"\/><\/form><\/div>  <!-- .wpforms-container -->\t\t\t\t<\/div>\n\t\t\t\t<\/div>\n\t\t\t\t\t<\/div>\n\t\t\t\t<\/div>\n\t\t\t\t<\/div>","protected":false},"excerpt":{"rendered":"<p>Kontaktieren Sie uns! E-Mail info@lifevacshop.eu Telefon +36 20 241 1050 Erreichbar 7 Tage die Woche 0-24 Stunden Lengyel-Med Bt. bietet professionelle Gesundheitsdienstleistungen f\u00fcr Privatpersonen und Unternehmen. Au\u00dferdem bietet es theoretische und praktische Schulungen in den Bereichen Gesundheitspflege, Kinderbetreuung, Krankenpflege und Erste Hilfe an. Wenn Sie die Dienste von Lengyel-Med in Anspruch nehmen m\u00f6chten, rufen Sie bitte an oder schicken Sie eine E-Mail! Bitte aktivieren Sie JavaScript in ... <a title=\"Kontakt\" class=\"read-more\" href=\"https:\/\/lifevacshop.eu\/at\/kontakt\/\" aria-label=\"Lesen Sie mehr \u00fcber Kontakt\">Mehr lesen<\/a><\/p>","protected":false},"author":2,"featured_media":0,"parent":0,"menu_order":0,"comment_status":"closed","ping_status":"closed","template":"","meta":{"footnotes":""},"class_list":["post-371","page","type-page","status-publish"],"_links":{"self":[{"href":"https:\/\/lifevacshop.eu\/at\/wp-json\/wp\/v2\/pages\/371","targetHints":{"allow":["GET"]}}],"collection":[{"href":"https:\/\/lifevacshop.eu\/at\/wp-json\/wp\/v2\/pages"}],"about":[{"href":"https:\/\/lifevacshop.eu\/at\/wp-json\/wp\/v2\/types\/page"}],"author":[{"embeddable":true,"href":"https:\/\/lifevacshop.eu\/at\/wp-json\/wp\/v2\/users\/2"}],"replies":[{"embeddable":true,"href":"https:\/\/lifevacshop.eu\/at\/wp-json\/wp\/v2\/comments?post=371"}],"version-history":[{"count":0,"href":"https:\/\/lifevacshop.eu\/at\/wp-json\/wp\/v2\/pages\/371\/revisions"}],"wp:attachment":[{"href":"https:\/\/lifevacshop.eu\/at\/wp-json\/wp\/v2\/media?parent=371"}],"curies":[{"name":"wp","href":"https:\/\/api.w.org\/{rel}","templated":true}]}}